{"id":38,"date":"2025-03-20T10:52:21","date_gmt":"2025-03-20T09:52:21","guid":{"rendered":"https:\/\/all-arounder.de\/?page_id=38"},"modified":"2026-04-13T09:12:44","modified_gmt":"2026-04-13T07:12:44","slug":"square-dance-hamburg-harburg","status":"publish","type":"page","link":"https:\/\/all-arounder.de\/","title":{"rendered":"Square Dance Hamburg Harburg"},"content":{"rendered":"\t\t<div data-elementor-type=\"wp-page\" data-elementor-id=\"38\" class=\"elementor elementor-38\" data-elementor-post-type=\"page\">\n\t\t\t\t<div class=\"elementor-element elementor-element-5cfe695 e-con-full e-flex e-con e-parent\" data-id=\"5cfe695\" data-element_type=\"container\" data-e-type=\"container\" data-settings=\"{&quot;background_background&quot;:&quot;classic&quot;}\">\n\t\t\t\t<\/div>\n\t\t<div class=\"elementor-element elementor-element-7282304e e-con-full e-flex e-con e-parent\" data-id=\"7282304e\" data-element_type=\"container\" data-e-type=\"container\">\n\t\t<div class=\"elementor-element elementor-element-422dd656 e-con-full e-flex e-con e-child\" data-id=\"422dd656\" data-element_type=\"container\" data-e-type=\"container\" data-settings=\"{&quot;background_background&quot;:&quot;classic&quot;}\">\n\t\t\t\t<div class=\"elementor-element elementor-element-39672eff elementor-hidden-mobile elementor-widget elementor-widget-heading\" data-id=\"39672eff\" data-element_type=\"widget\" data-e-type=\"widget\" data-widget_type=\"heading.default\">\n\t\t\t\t<div class=\"elementor-widget-container\">\n\t\t\t\t\t<h2 class=\"elementor-heading-title elementor-size-default\"><a href=\"https:\/\/all-arounder.de\/index.php\/was-ist-square-dance\/\">Square Dance in Hamburg Harburg <\/a><\/h2>\t\t\t\t<\/div>\n\t\t\t\t<\/div>\n\t\t\t\t<div class=\"elementor-element elementor-element-17d6ada7 elementor-hidden-mobile elementor-widget elementor-widget-heading\" data-id=\"17d6ada7\" data-element_type=\"widget\" data-e-type=\"widget\" data-widget_type=\"heading.default\">\n\t\t\t\t<div class=\"elementor-widget-container\">\n\t\t\t\t\t<h3 class=\"elementor-heading-title elementor-size-default\"><a href=\"https:\/\/all-arounder.de\/index.php\/was-ist-square-dance\/\">Tanzen mit viel Spa\u00df in fr\u00f6hlicher<\/br>\nund entspannter Runde\n<\/a><\/h3>\t\t\t\t<\/div>\n\t\t\t\t<\/div>\n\t\t\t\t<div class=\"elementor-element elementor-element-2da62186 elementor-hidden-desktop elementor-hidden-tablet elementor-widget elementor-widget-heading\" data-id=\"2da62186\" data-element_type=\"widget\" data-e-type=\"widget\" data-widget_type=\"heading.default\">\n\t\t\t\t<div class=\"elementor-widget-container\">\n\t\t\t\t\t<h2 class=\"elementor-heading-title elementor-size-default\"><a href=\"https:\/\/all-arounder.de\/index.php\/was-ist-square-dance\/\">Square Dance<\/br> in Hamburg Harburg <\/a><\/h2>\t\t\t\t<\/div>\n\t\t\t\t<\/div>\n\t\t\t\t<div class=\"elementor-element elementor-element-6a50f332 elementor-hidden-desktop elementor-hidden-tablet elementor-widget elementor-widget-heading\" data-id=\"6a50f332\" data-element_type=\"widget\" data-e-type=\"widget\" data-widget_type=\"heading.default\">\n\t\t\t\t<div class=\"elementor-widget-container\">\n\t\t\t\t\t<h3 class=\"elementor-heading-title elementor-size-default\"><a href=\"https:\/\/all-arounder.de\/index.php\/was-ist-square-dance\/\">Tanzen mit viel Spa\u00df in fr\u00f6hlicher und entspannter Runde\n<\/a><\/h3>\t\t\t\t<\/div>\n\t\t\t\t<\/div>\n\t\t\t\t<\/div>\n\t\t\t\t<\/div>\n\t\t<div class=\"elementor-element elementor-element-bea6091 e-flex e-con-boxed e-con e-parent\" data-id=\"bea6091\" data-element_type=\"container\" data-e-type=\"container\">\n\t\t\t\t\t<div class=\"e-con-inner\">\n\t\t<div class=\"elementor-element elementor-element-ef5a8d3 e-con-full e-flex e-con e-child\" data-id=\"ef5a8d3\" data-element_type=\"container\" data-e-type=\"container\">\n\t\t\t\t<div class=\"elementor-element elementor-element-1d948b8f elementor-skin-carousel elementor-widget elementor-widget-media-carousel\" data-id=\"1d948b8f\" data-element_type=\"widget\" data-e-type=\"widget\" data-settings=\"{&quot;slides_per_view&quot;:&quot;1&quot;,&quot;slides_to_scroll_tablet&quot;:&quot;1&quot;,&quot;skin&quot;:&quot;carousel&quot;,&quot;effect&quot;:&quot;slide&quot;,&quot;speed&quot;:500,&quot;autoplay&quot;:&quot;yes&quot;,&quot;autoplay_speed&quot;:5000,&quot;loop&quot;:&quot;yes&quot;,&quot;pause_on_hover&quot;:&quot;yes&quot;,&quot;pause_on_interaction&quot;:&quot;yes&quot;,&quot;space_between&quot;:{&quot;unit&quot;:&quot;px&quot;,&quot;size&quot;:10,&quot;sizes&quot;:[]},&quot;space_between_tablet&quot;:{&quot;unit&quot;:&quot;px&quot;,&quot;size&quot;:10,&quot;sizes&quot;:[]},&quot;space_between_mobile&quot;:{&quot;unit&quot;:&quot;px&quot;,&quot;size&quot;:10,&quot;sizes&quot;:[]}}\" data-widget_type=\"media-carousel.default\">\n\t\t\t\t<div class=\"elementor-widget-container\">\n\t\t\t\t\t\t\t\t\t<div class=\"elementor-swiper\">\n\t\t\t\t\t<div class=\"elementor-main-swiper swiper\" role=\"region\" aria-roledescription=\"carousel\" aria-label=\"Slider\">\n\t\t\t\t<div class=\"swiper-wrapper\">\n\t\t\t\t\t\t\t\t\t\t\t<div class=\"swiper-slide\" role=\"group\" aria-roledescription=\"slide\">\n\t\t\t\t\t\t\t\t\t<div class=\"elementor-carousel-image\" role=\"img\" aria-label=\"Studentparty Juni2025 All Arounder (6)\" style=\"background-image: url(&#039;https:\/\/all-arounder.de\/wp-content\/uploads\/2025\/06\/Studentparty-Juni2025-All-Arounder-6.jpg&#039;)\">\n\n\t\t\t\n\t\t\t\t\t<\/div>\n\t\t\t\t\t\t\t\t<\/div>\n\t\t\t\t\t\t\t\t\t\t\t<div class=\"swiper-slide\" role=\"group\" aria-roledescription=\"slide\">\n\t\t\t\t\t\t\t\t\t<div class=\"elementor-carousel-image\" role=\"img\" aria-label=\"Studentparty Juni2025 All Arounder (11)\" style=\"background-image: url(&#039;https:\/\/all-arounder.de\/wp-content\/uploads\/2025\/06\/Studentparty-Juni2025-All-Arounder-11.jpg&#039;)\">\n\n\t\t\t\n\t\t\t\t\t<\/div>\n\t\t\t\t\t\t\t\t<\/div>\n\t\t\t\t\t\t\t\t\t\t\t<div class=\"swiper-slide\" role=\"group\" aria-roledescription=\"slide\">\n\t\t\t\t\t\t\t\t\t<div class=\"elementor-carousel-image\" role=\"img\" aria-label=\"Studentparty Juni2025 All Arounder (5)\" style=\"background-image: url(&#039;https:\/\/all-arounder.de\/wp-content\/uploads\/2025\/06\/Studentparty-Juni2025-All-Arounder-5.jpg&#039;)\">\n\n\t\t\t\n\t\t\t\t\t<\/div>\n\t\t\t\t\t\t\t\t<\/div>\n\t\t\t\t\t\t\t\t\t\t\t<div class=\"swiper-slide\" role=\"group\" aria-roledescription=\"slide\">\n\t\t\t\t\t\t\t\t\t<div class=\"elementor-carousel-image\" role=\"img\" aria-label=\"Studentparty Juni2025 All Arounder (2)\" style=\"background-image: url(&#039;https:\/\/all-arounder.de\/wp-content\/uploads\/2025\/06\/Studentparty-Juni2025-All-Arounder-2.jpg&#039;)\">\n\n\t\t\t\n\t\t\t\t\t<\/div>\n\t\t\t\t\t\t\t\t<\/div>\n\t\t\t\t\t\t\t\t\t\t\t<div class=\"swiper-slide\" role=\"group\" aria-roledescription=\"slide\">\n\t\t\t\t\t\t\t\t\t<div class=\"elementor-carousel-image\" role=\"img\" aria-label=\"Studentparty Juni2025 All Arounder (9)\" style=\"background-image: url(&#039;https:\/\/all-arounder.de\/wp-content\/uploads\/2025\/06\/Studentparty-Juni2025-All-Arounder-9.jpg&#039;)\">\n\n\t\t\t\n\t\t\t\t\t<\/div>\n\t\t\t\t\t\t\t\t<\/div>\n\t\t\t\t\t\t\t\t\t\t\t<div class=\"swiper-slide\" role=\"group\" aria-roledescription=\"slide\">\n\t\t\t\t\t\t\t\t\t<div class=\"elementor-carousel-image\" role=\"img\" aria-label=\"All Arounder Studentparty\" style=\"background-image: url(&#039;https:\/\/all-arounder.de\/wp-content\/uploads\/2025\/06\/All-Arounder-Studentparty.jpg&#039;)\">\n\n\t\t\t\n\t\t\t\t\t<\/div>\n\t\t\t\t\t\t\t\t<\/div>\n\t\t\t\t\t\t\t\t\t\t\t<div class=\"swiper-slide\" role=\"group\" aria-roledescription=\"slide\">\n\t\t\t\t\t\t\t\t\t<div class=\"elementor-carousel-image\" role=\"img\" aria-label=\"Studentparty Juni2025 All Arounder (7)\" style=\"background-image: url(&#039;https:\/\/all-arounder.de\/wp-content\/uploads\/2025\/06\/Studentparty-Juni2025-All-Arounder-7.jpg&#039;)\">\n\n\t\t\t\n\t\t\t\t\t<\/div>\n\t\t\t\t\t\t\t\t<\/div>\n\t\t\t\t\t\t\t\t\t\t\t<div class=\"swiper-slide\" role=\"group\" aria-roledescription=\"slide\">\n\t\t\t\t\t\t\t\t\t<div class=\"elementor-carousel-image\" role=\"img\" aria-label=\"Studentparty Juni2025 All Arounder (8)\" style=\"background-image: url(&#039;https:\/\/all-arounder.de\/wp-content\/uploads\/2025\/06\/Studentparty-Juni2025-All-Arounder-8.jpg&#039;)\">\n\n\t\t\t\n\t\t\t\t\t<\/div>\n\t\t\t\t\t\t\t\t<\/div>\n\t\t\t\t\t\t\t\t\t\t\t<div class=\"swiper-slide\" role=\"group\" aria-roledescription=\"slide\">\n\t\t\t\t\t\t\t\t\t<div class=\"elementor-carousel-image\" role=\"img\" aria-label=\"Studentparty Juni2025 All Arounder (12)\" style=\"background-image: url(&#039;https:\/\/all-arounder.de\/wp-content\/uploads\/2025\/06\/Studentparty-Juni2025-All-Arounder-12.jpg&#039;)\">\n\n\t\t\t\n\t\t\t\t\t<\/div>\n\t\t\t\t\t\t\t\t<\/div>\n\t\t\t\t\t\t\t\t\t<\/div>\n\t\t\t\t\t\t\t\t\t\t\t\t\t\t\t\t\t\t\t\t\t<\/div>\n\t\t\t\t<\/div>\n\t\t\t\t\t\t\t\t<\/div>\n\t\t\t\t<\/div>\n\t\t<div class=\"elementor-element elementor-element-5c3bc5a e-con-full e-flex e-con e-child\" data-id=\"5c3bc5a\" data-element_type=\"container\" data-e-type=\"container\">\n\t\t\t\t<div class=\"elementor-element elementor-element-793f17ab elementor-widget elementor-widget-heading\" data-id=\"793f17ab\" data-element_type=\"widget\" data-e-type=\"widget\" data-widget_type=\"heading.default\">\n\t\t\t\t<div class=\"elementor-widget-container\">\n\t\t\t\t\t<h4 class=\"elementor-heading-title elementor-size-default\"><a href=\"https:\/\/all-arounder.de\/index.php\/termine-all-arounder-square-dance\/\">Ort und Zeit<\/a><\/h4>\t\t\t\t<\/div>\n\t\t\t\t<\/div>\n\t\t\t\t<div class=\"elementor-element elementor-element-4fae728a elementor-widget elementor-widget-text-editor\" data-id=\"4fae728a\" data-element_type=\"widget\" data-e-type=\"widget\" data-widget_type=\"text-editor.default\">\n\t\t\t\t<div class=\"elementor-widget-container\">\n\t\t\t\t\t\t\t\t\t<p>Grundschule Grumbrechtstra\u00dfe 63<br \/>21075 Hamburg<br \/>Freitags 19.15 &#8211; 21.15 Uhr<br \/><span style=\"color: #d61c1c;\"><strong>Keine weiteren Clubabende<\/strong><\/span><\/p>\t\t\t\t\t\t\t\t<\/div>\n\t\t\t\t<\/div>\n\t\t\t\t<div class=\"elementor-element elementor-element-54dce6b7 elementor-position-inline-start elementor-mobile-position-inline-start elementor-view-default elementor-widget elementor-widget-icon-box\" data-id=\"54dce6b7\" data-element_type=\"widget\" data-e-type=\"widget\" data-widget_type=\"icon-box.default\">\n\t\t\t\t<div class=\"elementor-widget-container\">\n\t\t\t\t\t\t\t<div class=\"elementor-icon-box-wrapper\">\n\n\t\t\t\t\t\t<div class=\"elementor-icon-box-icon\">\n\t\t\t\t<span  class=\"elementor-icon\">\n\t\t\t\t<svg aria-hidden=\"true\" class=\"e-font-icon-svg e-fas-angle-double-right\" viewBox=\"0 0 448 512\" xmlns=\"http:\/\/www.w3.org\/2000\/svg\"><path d=\"M224.3 273l-136 136c-9.4 9.4-24.6 9.4-33.9 0l-22.6-22.6c-9.4-9.4-9.4-24.6 0-33.9l96.4-96.4-96.4-96.4c-9.4-9.4-9.4-24.6 0-33.9L54.3 103c9.4-9.4 24.6-9.4 33.9 0l136 136c9.5 9.4 9.5 24.6.1 34zm192-34l-136-136c-9.4-9.4-24.6-9.4-33.9 0l-22.6 22.6c-9.4 9.4-9.4 24.6 0 33.9l96.4 96.4-96.4 96.4c-9.4 9.4-9.4 24.6 0 33.9l22.6 22.6c9.4 9.4 24.6 9.4 33.9 0l136-136c9.4-9.2 9.4-24.4 0-33.8z\"><\/path><\/svg>\t\t\t\t<\/span>\n\t\t\t<\/div>\n\t\t\t\n\t\t\t\t\t\t<div class=\"elementor-icon-box-content\">\n\n\t\t\t\t\t\t\t\t\t<h3 class=\"elementor-icon-box-title\">\n\t\t\t\t\t\t<span  >\n\t\t\t\t\t\t\tBitte meldet Euch an, telefonisch oder per Mail\t\t\t\t\t\t<\/span>\n\t\t\t\t\t<\/h3>\n\t\t\t\t\n\t\t\t\t\n\t\t\t<\/div>\n\t\t\t\n\t\t<\/div>\n\t\t\t\t\t\t<\/div>\n\t\t\t\t<\/div>\n\t\t\t\t<div class=\"elementor-element elementor-element-24f25b8 elementor-widget elementor-widget-image\" data-id=\"24f25b8\" data-element_type=\"widget\" data-e-type=\"widget\" data-widget_type=\"image.default\">\n\t\t\t\t<div class=\"elementor-widget-container\">\n\t\t\t\t\t\t\t\t\t\t\t\t\t\t\t\t<a href=\"https:\/\/www.gwharburg.de\/\" target=\"_blank\" rel=\"noopener\">\n\t\t\t\t\t\t\t<img fetchpriority=\"high\" decoding=\"async\" width=\"354\" height=\"355\" src=\"https:\/\/all-arounder.de\/wp-content\/uploads\/2025\/03\/Sportverein-Gruen-Weiss-harburg.png\" class=\"attachment-large size-large wp-image-163\" alt=\"\" srcset=\"https:\/\/all-arounder.de\/wp-content\/uploads\/2025\/03\/Sportverein-Gruen-Weiss-harburg.png 354w, https:\/\/all-arounder.de\/wp-content\/uploads\/2025\/03\/Sportverein-Gruen-Weiss-harburg-300x300.png 300w, https:\/\/all-arounder.de\/wp-content\/uploads\/2025\/03\/Sportverein-Gruen-Weiss-harburg-150x150.png 150w\" sizes=\"(max-width: 354px) 100vw, 354px\" \/>\t\t\t\t\t\t\t\t<\/a>\n\t\t\t\t\t\t\t\t\t\t\t\t\t\t\t<\/div>\n\t\t\t\t<\/div>\n\t\t\t\t<div class=\"elementor-element elementor-element-49da56ce elementor-widget__width-initial elementor-widget-tablet__width-initial elementor-widget elementor-widget-heading\" data-id=\"49da56ce\" data-element_type=\"widget\" data-e-type=\"widget\" data-widget_type=\"heading.default\">\n\t\t\t\t<div class=\"elementor-widget-container\">\n\t\t\t\t\t<h2 class=\"elementor-heading-title elementor-size-default\"><a href=\"https:\/\/www.gwharburg.de\/\" target=\"_blank\" rel=\"noopener\">Unser Verein<\/a><\/h2>\t\t\t\t<\/div>\n\t\t\t\t<\/div>\n\t\t\t\t<div class=\"elementor-element elementor-element-e564b57 elementor-widget elementor-widget-text-editor\" data-id=\"e564b57\" data-element_type=\"widget\" data-e-type=\"widget\" data-widget_type=\"text-editor.default\">\n\t\t\t\t<div class=\"elementor-widget-container\">\n\t\t\t\t\t\t\t\t\t<p>Sportverein Gr\u00fcn-Weiss Harburg e.V. mit Sportangeboten und Kursangebote in Harburg f\u00fcr Kinder, Jugendliche und Erwachsene &#8211; Fu\u00dfball, Yoga, Rudern, Tennis, Kickboxen, &#8230;<\/p>\t\t\t\t\t\t\t\t<\/div>\n\t\t\t\t<\/div>\n\t\t\t\t<div class=\"elementor-element elementor-element-7ff56ed6 elementor-widget__width-initial elementor-widget-tablet__width-initial elementor-widget elementor-widget-heading\" data-id=\"7ff56ed6\" data-element_type=\"widget\" data-e-type=\"widget\" data-widget_type=\"heading.default\">\n\t\t\t\t<div class=\"elementor-widget-container\">\n\t\t\t\t\t<h2 class=\"elementor-heading-title elementor-size-default\"><a href=\"https:\/\/www.gwharburg.de\/\" target=\"_blank\" rel=\"noopener\">Kontakt<\/a><\/h2>\t\t\t\t<\/div>\n\t\t\t\t<\/div>\n\t\t\t\t<div class=\"elementor-element elementor-element-7812ac53 elementor-hidden-mobile elementor-widget elementor-widget-text-editor\" data-id=\"7812ac53\" data-element_type=\"widget\" data-e-type=\"widget\" data-widget_type=\"text-editor.default\">\n\t\t\t\t<div class=\"elementor-widget-container\">\n\t\t\t\t\t\t\t\t\t<p>Telefonisch, WhatsApp oder Signal<\/p><p><strong>Anja Szych<\/strong><br \/>Tel. mobil 01522 4135310<br \/><strong>Ilka Sarge<\/strong><br \/>Tel. 040 \u2013 50692977, mobil 0176 87986249<\/p><p>Mail \u00a0<strong><a href=\"mailto:tanzen@all-arounder.de\">tanzen@all-arounder.de<\/a><\/strong><\/p>\t\t\t\t\t\t\t\t<\/div>\n\t\t\t\t<\/div>\n\t\t\t\t<div class=\"elementor-element elementor-element-5191e829 elementor-hidden-desktop elementor-hidden-tablet elementor-widget elementor-widget-text-editor\" data-id=\"5191e829\" data-element_type=\"widget\" data-e-type=\"widget\" data-widget_type=\"text-editor.default\">\n\t\t\t\t<div class=\"elementor-widget-container\">\n\t\t\t\t\t\t\t\t\t<p>Telefonisch, WhatsApp oder Signal<\/p><p><strong>Anja Szych<\/strong><br \/>Tel. mobil 01522 4135310<\/p><p><strong>Ilka Sarge<\/strong><br \/>Tel. 040 \u2013 50692977<br \/>mobil 0176 87986249<\/p><p><strong><a href=\"mailto:tanzen@all-arounder.de\">Mail\u00a0 \u00a0tanzen@all-arounder.de<\/a><\/strong><\/p>\t\t\t\t\t\t\t\t<\/div>\n\t\t\t\t<\/div>\n\t\t\t\t<div class=\"elementor-element elementor-element-6b84aec elementor-widget elementor-widget-image\" data-id=\"6b84aec\" data-element_type=\"widget\" data-e-type=\"widget\" data-widget_type=\"image.default\">\n\t\t\t\t<div class=\"elementor-widget-container\">\n\t\t\t\t\t\t\t\t\t\t\t\t\t\t\t\t<a href=\"https:\/\/all-arounder.de\/index.php\/clubcaller-square-dance-harburg\/\">\n\t\t\t\t\t\t\t<img decoding=\"async\" width=\"1024\" height=\"240\" src=\"https:\/\/all-arounder.de\/wp-content\/uploads\/2025\/03\/Square-DAnce-All-Arounder-hamburg-harburg-1024x240.jpg\" class=\"attachment-large size-large wp-image-220\" alt=\"Square Dance T\u00e4nzer\" srcset=\"https:\/\/all-arounder.de\/wp-content\/uploads\/2025\/03\/Square-DAnce-All-Arounder-hamburg-harburg-1024x240.jpg 1024w, https:\/\/all-arounder.de\/wp-content\/uploads\/2025\/03\/Square-DAnce-All-Arounder-hamburg-harburg-300x70.jpg 300w, https:\/\/all-arounder.de\/wp-content\/uploads\/2025\/03\/Square-DAnce-All-Arounder-hamburg-harburg-768x180.jpg 768w, https:\/\/all-arounder.de\/wp-content\/uploads\/2025\/03\/Square-DAnce-All-Arounder-hamburg-harburg-1536x360.jpg 1536w, https:\/\/all-arounder.de\/wp-content\/uploads\/2025\/03\/Square-DAnce-All-Arounder-hamburg-harburg.jpg 1704w\" sizes=\"(max-width: 1024px) 100vw, 1024px\" \/>\t\t\t\t\t\t\t\t<\/a>\n\t\t\t\t\t\t\t\t\t\t\t\t\t\t\t<\/div>\n\t\t\t\t<\/div>\n\t\t\t\t<\/div>\n\t\t\t\t<\/div>\n\t\t<div class=\"elementor-element elementor-element-a86ad1f e-con-full e-flex e-con e-child\" data-id=\"a86ad1f\" data-element_type=\"container\" data-e-type=\"container\">\n\t\t\t\t<div class=\"elementor-element elementor-element-6f580e8b elementor-widget elementor-widget-image\" data-id=\"6f580e8b\" data-element_type=\"widget\" data-e-type=\"widget\" data-widget_type=\"image.default\">\n\t\t\t\t<div class=\"elementor-widget-container\">\n\t\t\t\t\t\t\t\t\t\t\t\t\t\t\t<img decoding=\"async\" width=\"1024\" height=\"452\" src=\"https:\/\/all-arounder.de\/wp-content\/uploads\/2025\/03\/Square-Dance-Hamburg-All-Arounder-Harburg-1024x452.png\" class=\"attachment-large size-large wp-image-158\" alt=\"Logo Square Dance Hamburg All Arounder Harburg\" srcset=\"https:\/\/all-arounder.de\/wp-content\/uploads\/2025\/03\/Square-Dance-Hamburg-All-Arounder-Harburg-1024x452.png 1024w, https:\/\/all-arounder.de\/wp-content\/uploads\/2025\/03\/Square-Dance-Hamburg-All-Arounder-Harburg-300x132.png 300w, https:\/\/all-arounder.de\/wp-content\/uploads\/2025\/03\/Square-Dance-Hamburg-All-Arounder-Harburg-768x339.png 768w, https:\/\/all-arounder.de\/wp-content\/uploads\/2025\/03\/Square-Dance-Hamburg-All-Arounder-Harburg-1536x678.png 1536w, https:\/\/all-arounder.de\/wp-content\/uploads\/2025\/03\/Square-Dance-Hamburg-All-Arounder-Harburg-2048x904.png 2048w\" sizes=\"(max-width: 1024px) 100vw, 1024px\" \/>\t\t\t\t\t\t\t\t\t\t\t\t\t\t\t<\/div>\n\t\t\t\t<\/div>\n\t\t\t\t<div class=\"elementor-element elementor-element-d1392ad elementor-widget elementor-widget-heading\" data-id=\"d1392ad\" data-element_type=\"widget\" data-e-type=\"widget\" data-widget_type=\"heading.default\">\n\t\t\t\t<div class=\"elementor-widget-container\">\n\t\t\t\t\t<h2 class=\"elementor-heading-title elementor-size-default\"><a href=\"http:\/\/Bei%20uns%20in%20Hamburg%20Harburg%20Square%20Dance%20tanzen\">All Aroundern in Hamburg Harburg <\/a><\/h2>\t\t\t\t<\/div>\n\t\t\t\t<\/div>\n\t\t\t\t<div class=\"elementor-element elementor-element-de5aba2 elementor-widget elementor-widget-text-editor\" data-id=\"de5aba2\" data-element_type=\"widget\" data-e-type=\"widget\" data-widget_type=\"text-editor.default\">\n\t\t\t\t<div class=\"elementor-widget-container\">\n\t\t\t\t\t\t\t\t\t<p>Liebe Square Dancer,<\/p><p>gerne haben wir mit Euch getanzt und Square Dance genossen. Nun aber haben wir unseren Verein\/die Sparte beim Verein Gr\u00fcn Wei\u00df aufgel\u00f6st &#8211; wir haben einfach nicht mehr genug T\u00e4nzer.<\/p><p>Wir bedauern das sehr!<br \/>Gleichzeitig m\u00f6chten uns daf\u00fcr bedanken, dass Ihr als G\u00e4ste unsere Clubabende und Veranstaltungen bereichert habt!<\/p>\t\t\t\t\t\t\t\t<\/div>\n\t\t\t\t<\/div>\n\t\t\t\t<div class=\"elementor-element elementor-element-e34721d elementor-widget elementor-widget-heading\" data-id=\"e34721d\" data-element_type=\"widget\" data-e-type=\"widget\" data-widget_type=\"heading.default\">\n\t\t\t\t<div class=\"elementor-widget-container\">\n\t\t\t\t\t<h4 class=\"elementor-heading-title elementor-size-default\">Auf ein Wiedersehen in den Squares anderer Vereine!<\/h4>\t\t\t\t<\/div>\n\t\t\t\t<\/div>\n\t\t\t\t<div class=\"elementor-element elementor-element-73fd2ae6 elementor-widget elementor-widget-heading\" data-id=\"73fd2ae6\" data-element_type=\"widget\" data-e-type=\"widget\" data-widget_type=\"heading.default\">\n\t\t\t\t<div class=\"elementor-widget-container\">\n\t\t\t\t\t<h4 class=\"elementor-heading-title elementor-size-default\">Ilka und Anja f\u00fcr die  All Arounder<\/h4>\t\t\t\t<\/div>\n\t\t\t\t<\/div>\n\t\t\t\t<div class=\"elementor-element elementor-element-3731e942 elementor-hidden-tablet elementor-hidden-mobile elementor-widget elementor-widget-image\" data-id=\"3731e942\" data-element_type=\"widget\" data-e-type=\"widget\" data-widget_type=\"image.default\">\n\t\t\t\t<div class=\"elementor-widget-container\">\n\t\t\t\t\t\t\t\t\t\t\t\t\t\t\t\t<a href=\"https:\/\/all-arounder.de\/index.php\/was-ist-square-dance\/\">\n\t\t\t\t\t\t\t<img loading=\"lazy\" decoding=\"async\" width=\"850\" height=\"501\" src=\"https:\/\/all-arounder.de\/wp-content\/uploads\/2025\/08\/All-Arounder-Sqaure-Dance2025-Hamburg-Harburg.jpg\" class=\"attachment-large size-large wp-image-1072\" alt=\"\" srcset=\"https:\/\/all-arounder.de\/wp-content\/uploads\/2025\/08\/All-Arounder-Sqaure-Dance2025-Hamburg-Harburg.jpg 850w, https:\/\/all-arounder.de\/wp-content\/uploads\/2025\/08\/All-Arounder-Sqaure-Dance2025-Hamburg-Harburg-300x177.jpg 300w, https:\/\/all-arounder.de\/wp-content\/uploads\/2025\/08\/All-Arounder-Sqaure-Dance2025-Hamburg-Harburg-768x453.jpg 768w\" sizes=\"(max-width: 850px) 100vw, 850px\" \/>\t\t\t\t\t\t\t\t<\/a>\n\t\t\t\t\t\t\t\t\t\t\t\t\t\t\t<\/div>\n\t\t\t\t<\/div>\n\t\t\t\t<\/div>\n\t\t\t\t\t<\/div>\n\t\t\t\t<\/div>\n\t\t\t\t<\/div>\n\t\t","protected":false},"excerpt":{"rendered":"<p>Square Dance in Hamburg Harburg Tanzen mit viel Spa\u00df in fr\u00f6hlicher und entspannter Runde Square Dance in Hamburg Harburg Tanzen mit viel Spa\u00df in fr\u00f6hlicher und entspannter Runde Ort und Zeit Grundschule Grumbrechtstra\u00dfe 6321075 HamburgFreitags 19.15 &#8211; 21.15 UhrKeine weiteren Clubabende Bitte meldet Euch an, telefonisch oder per Mail Unser Verein Sportverein Gr\u00fcn-Weiss Harburg e.V. [&hellip;]<\/p>\n","protected":false},"author":3,"featured_media":0,"parent":0,"menu_order":0,"comment_status":"closed","ping_status":"closed","template":"elementor_header_footer","meta":{"footnotes":""},"class_list":["post-38","page","type-page","status-publish","hentry","entry"],"_links":{"self":[{"href":"https:\/\/all-arounder.de\/index.php\/wp-json\/wp\/v2\/pages\/38","targetHints":{"allow":["GET"]}}],"collection":[{"href":"https:\/\/all-arounder.de\/index.php\/wp-json\/wp\/v2\/pages"}],"about":[{"href":"https:\/\/all-arounder.de\/index.php\/wp-json\/wp\/v2\/types\/page"}],"author":[{"embeddable":true,"href":"https:\/\/all-arounder.de\/index.php\/wp-json\/wp\/v2\/users\/3"}],"replies":[{"embeddable":true,"href":"https:\/\/all-arounder.de\/index.php\/wp-json\/wp\/v2\/comments?post=38"}],"version-history":[{"count":241,"href":"https:\/\/all-arounder.de\/index.php\/wp-json\/wp\/v2\/pages\/38\/revisions"}],"predecessor-version":[{"id":1194,"href":"https:\/\/all-arounder.de\/index.php\/wp-json\/wp\/v2\/pages\/38\/revisions\/1194"}],"wp:attachment":[{"href":"https:\/\/all-arounder.de\/index.php\/wp-json\/wp\/v2\/media?parent=38"}],"curies":[{"name":"wp","href":"https:\/\/api.w.org\/{rel}","templated":true}]}}