{"id":46,"date":"2025-03-20T10:54:35","date_gmt":"2025-03-20T09:54:35","guid":{"rendered":"https:\/\/all-arounder.de\/?page_id=46"},"modified":"2025-03-20T15:37:57","modified_gmt":"2025-03-20T14:37:57","slug":"impressum-square-dance-harburg","status":"publish","type":"page","link":"https:\/\/all-arounder.de\/index.php\/impressum-square-dance-harburg\/","title":{"rendered":"Impressum Square Dance Harburg"},"content":{"rendered":"\t\t<div data-elementor-type=\"wp-page\" data-elementor-id=\"46\" class=\"elementor elementor-46\" data-elementor-post-type=\"page\">\n\t\t\t\t<div class=\"elementor-element elementor-element-10b7528f e-flex e-con-boxed e-con e-parent\" data-id=\"10b7528f\" data-element_type=\"container\" data-e-type=\"container\">\n\t\t\t\t\t<div class=\"e-con-inner\">\n\t\t\t\t<div class=\"elementor-element elementor-element-66925a86 elementor-widget elementor-widget-heading\" data-id=\"66925a86\" data-element_type=\"widget\" data-e-type=\"widget\" data-widget_type=\"heading.default\">\n\t\t\t\t<div class=\"elementor-widget-container\">\n\t\t\t\t\t<h2 class=\"elementor-heading-title elementor-size-default\"><a href=\"https:\/\/all-arounder.de\/\">Impressum<\/a><\/h2>\t\t\t\t<\/div>\n\t\t\t\t<\/div>\n\t\t\t\t\t<\/div>\n\t\t\t\t<\/div>\n\t\t<div class=\"elementor-element elementor-element-2de9a3d5 e-flex e-con-boxed e-con e-parent\" data-id=\"2de9a3d5\" data-element_type=\"container\" data-e-type=\"container\">\n\t\t\t\t\t<div class=\"e-con-inner\">\n\t\t<div class=\"elementor-element elementor-element-36846d20 e-con-full e-flex e-con e-child\" data-id=\"36846d20\" data-element_type=\"container\" data-e-type=\"container\">\n\t\t\t\t<div class=\"elementor-element elementor-element-78601e31 elementor-widget elementor-widget-text-editor\" data-id=\"78601e31\" data-element_type=\"widget\" data-e-type=\"widget\" data-widget_type=\"text-editor.default\">\n\t\t\t\t<div class=\"elementor-widget-container\">\n\t\t\t\t\t\t\t\t\t<p><span style=\"color: #002342;\">All Arounder Square Dance<\/span><br \/><span style=\"color: #002342;\">im <a style=\"color: #002342;\" href=\"https:\/\/www.gwharburg.de\/\" target=\"_blank\" rel=\"noopener\">Verein Gr\u00fcn Wei\u00df Harburg e.V. von 1920<\/a><\/span><\/p>\t\t\t\t\t\t\t\t<\/div>\n\t\t\t\t<\/div>\n\t\t\t\t<\/div>\n\t\t<div class=\"elementor-element elementor-element-56bcb9cd e-con-full e-flex e-con e-child\" data-id=\"56bcb9cd\" data-element_type=\"container\" data-e-type=\"container\">\n\t\t\t\t<div class=\"elementor-element elementor-element-1432ed74 elementor-widget elementor-widget-heading\" data-id=\"1432ed74\" data-element_type=\"widget\" data-e-type=\"widget\" data-widget_type=\"heading.default\">\n\t\t\t\t<div class=\"elementor-widget-container\">\n\t\t\t\t\t<h3 class=\"elementor-heading-title elementor-size-default\">Fotos<\/h3>\t\t\t\t<\/div>\n\t\t\t\t<\/div>\n\t\t\t\t<div class=\"elementor-element elementor-element-c586165 elementor-widget elementor-widget-text-editor\" data-id=\"c586165\" data-element_type=\"widget\" data-e-type=\"widget\" data-widget_type=\"text-editor.default\">\n\t\t\t\t<div class=\"elementor-widget-container\">\n\t\t\t\t\t\t\t\t\t<p>Adobe Stock, Anja Szych, Vereinsmitglieder<\/p>\t\t\t\t\t\t\t\t<\/div>\n\t\t\t\t<\/div>\n\t\t\t\t<div class=\"elementor-element elementor-element-ac88f11 elementor-widget elementor-widget-heading\" data-id=\"ac88f11\" data-element_type=\"widget\" data-e-type=\"widget\" data-widget_type=\"heading.default\">\n\t\t\t\t<div class=\"elementor-widget-container\">\n\t\t\t\t\t<h3 class=\"elementor-heading-title elementor-size-default\">Programmierung, Gestaltung<\/h3>\t\t\t\t<\/div>\n\t\t\t\t<\/div>\n\t\t\t\t<div class=\"elementor-element elementor-element-2e0ade5e elementor-widget elementor-widget-text-editor\" data-id=\"2e0ade5e\" data-element_type=\"widget\" data-e-type=\"widget\" data-widget_type=\"text-editor.default\">\n\t\t\t\t<div class=\"elementor-widget-container\">\n\t\t\t\t\t\t\t\t\t<p><span style=\"color: #002342;\"><a style=\"color: #002342;\" href=\"http:\/\/werbung-mit.zebra.de\" target=\"_blank\" rel=\"noopener\">Werbung mit Zebra, Anja Szych<\/a><\/span><\/p>\t\t\t\t\t\t\t\t<\/div>\n\t\t\t\t<\/div>\n\t\t\t\t<\/div>\n\t\t\t\t\t<\/div>\n\t\t\t\t<\/div>\n\t\t<div class=\"elementor-element elementor-element-20972ef5 e-flex e-con-boxed e-con e-parent\" data-id=\"20972ef5\" data-element_type=\"container\" data-e-type=\"container\">\n\t\t\t\t\t<div class=\"e-con-inner\">\n\t\t<div class=\"elementor-element elementor-element-3e17ad32 e-con-full e-flex e-con e-child\" data-id=\"3e17ad32\" data-element_type=\"container\" data-e-type=\"container\">\n\t\t\t\t<div class=\"elementor-element elementor-element-10e5398d elementor-widget elementor-widget-heading\" data-id=\"10e5398d\" data-element_type=\"widget\" data-e-type=\"widget\" data-widget_type=\"heading.default\">\n\t\t\t\t<div class=\"elementor-widget-container\">\n\t\t\t\t\t<h4 class=\"elementor-heading-title elementor-size-default\">Rechtliche Hinweise<\/h4>\t\t\t\t<\/div>\n\t\t\t\t<\/div>\n\t\t\t\t<div class=\"elementor-element elementor-element-420b4642 elementor-widget elementor-widget-text-editor\" data-id=\"420b4642\" data-element_type=\"widget\" data-e-type=\"widget\" data-widget_type=\"text-editor.default\">\n\t\t\t\t<div class=\"elementor-widget-container\">\n\t\t\t\t\t\t\t\t\t<p>Die All Arounder sind als Inhaltsanbieter nach \u00a7 7 Abs. 1 Telemediengesetz (TMG) f\u00fcr die eigenen Inhalte verantwortlich.\u00a0<\/p><p>Die Inhalte unserer Seiten wurden mit gr\u00f6\u00dfter Sorgfalt erstellt. F\u00fcr die Richtigkeit, Vollst\u00e4ndigkeit und Aktualit\u00e4t der Inhalte \u00fcbernehmen wir keine Gew\u00e4hr.<br \/>Unsere Website enth\u00e4lt Links zu externen Webseiten Dritter, auf deren Inhalte wir keinen Einfluss haben. Deshalb k\u00f6nnen wir f\u00fcr diese fremden Inhalte auch keine Gew\u00e4hr \u00fcbernehmen. F\u00fcr die Inhalte der verlinkten Seiten ist stets der jeweilige Anbieter oder Betreiber der Seiten verantwortlich. Die verlinkten Seiten wurden zum Zeitpunkt der Verlinkung auf m\u00f6gliche Rechtsverst\u00f6\u00dfe \u00fcberpr\u00fcft. Rechtswidrige Inhalte waren zum Zeitpunkt der Verlinkung nicht erkennbar.<br \/>Die auf diesen Seiten erstellten Inhalte und Werke auf diesen Seiten unterliegen dem deutschen Urheberrecht. Die Vervielf\u00e4ltigung, Bearbeitung, Verbreitung und jede Art der Verwertung au\u00dferhalb der Grenzen des Urheberrechtes bed\u00fcrfen unserer schriftlichen Zustimmung. Downloads und Kopien dieser Seite sind nicht gestattet.<br \/>Wir untersagen es Dritten, die auf dieser Seite ver\u00f6ffentlichten Daten zum \u00dcbersenden von Werbung zu nutzen. Als Betreiber dieser Seiten behalten wir es uns vor, wegen unverlangter Zusendung von Werbung rechtliche Schritte einzuleiten.<\/p><p>Sofern Teile oder einzelne Formulierungen dieses Textes der geltenden Rechtslage nicht, nicht mehr oder nicht vollst\u00e4ndig entsprechen sollten, bleiben die \u00fcbrigen Teile in ihrem Inhalt und ihrer G\u00fcltigkeit davon unber\u00fchrt.<\/p><p>Wir ist nicht bereit oder verpflichtet, an Streitbeilegungsverfahren vor einer Verbraucherschlichtungsstelle teilzunehmen.<\/p><p>\u00a9 All Arounder 2023 &#8211; 2025<\/p>\t\t\t\t\t\t\t\t<\/div>\n\t\t\t\t<\/div>\n\t\t\t\t<\/div>\n\t\t\t\t\t<\/div>\n\t\t\t\t<\/div>\n\t\t\t\t<\/div>\n\t\t","protected":false},"excerpt":{"rendered":"<p>Impressum All Arounder Square Danceim Verein Gr\u00fcn Wei\u00df Harburg e.V. von 1920 Fotos Adobe Stock, Anja Szych, Vereinsmitglieder Programmierung, Gestaltung Werbung mit Zebra, Anja Szych Rechtliche Hinweise Die All Arounder sind als Inhaltsanbieter nach \u00a7 7 Abs. 1 Telemediengesetz (TMG) f\u00fcr die eigenen Inhalte verantwortlich.\u00a0 Die Inhalte unserer Seiten wurden mit gr\u00f6\u00dfter Sorgfalt erstellt. F\u00fcr [&hellip;]<\/p>\n","protected":false},"author":3,"featured_media":0,"parent":0,"menu_order":0,"comment_status":"closed","ping_status":"closed","template":"elementor_header_footer","meta":{"footnotes":""},"class_list":["post-46","page","type-page","status-publish","hentry","entry"],"_links":{"self":[{"href":"https:\/\/all-arounder.de\/index.php\/wp-json\/wp\/v2\/pages\/46","targetHints":{"allow":["GET"]}}],"collection":[{"href":"https:\/\/all-arounder.de\/index.php\/wp-json\/wp\/v2\/pages"}],"about":[{"href":"https:\/\/all-arounder.de\/index.php\/wp-json\/wp\/v2\/types\/page"}],"author":[{"embeddable":true,"href":"https:\/\/all-arounder.de\/index.php\/wp-json\/wp\/v2\/users\/3"}],"replies":[{"embeddable":true,"href":"https:\/\/all-arounder.de\/index.php\/wp-json\/wp\/v2\/comments?post=46"}],"version-history":[{"count":10,"href":"https:\/\/all-arounder.de\/index.php\/wp-json\/wp\/v2\/pages\/46\/revisions"}],"predecessor-version":[{"id":455,"href":"https:\/\/all-arounder.de\/index.php\/wp-json\/wp\/v2\/pages\/46\/revisions\/455"}],"wp:attachment":[{"href":"https:\/\/all-arounder.de\/index.php\/wp-json\/wp\/v2\/media?parent=46"}],"curies":[{"name":"wp","href":"https:\/\/api.w.org\/{rel}","templated":true}]}}