{"id":52,"date":"2025-03-20T10:56:38","date_gmt":"2025-03-20T09:56:38","guid":{"rendered":"https:\/\/all-arounder.de\/?page_id=52"},"modified":"2025-04-02T10:25:26","modified_gmt":"2025-04-02T08:25:26","slug":"square-dance-lernen-hamburg-harburg","status":"publish","type":"page","link":"https:\/\/all-arounder.de\/index.php\/square-dance-lernen-hamburg-harburg\/","title":{"rendered":"Square Dance lernen Hamburg Harburg"},"content":{"rendered":"\t\t<div data-elementor-type=\"wp-page\" data-elementor-id=\"52\" class=\"elementor elementor-52\" data-elementor-post-type=\"page\">\n\t\t\t\t<div class=\"elementor-element elementor-element-21d97871 e-con-full e-flex e-con e-parent\" data-id=\"21d97871\" data-element_type=\"container\" data-e-type=\"container\" data-settings=\"{&quot;background_background&quot;:&quot;classic&quot;}\">\n\t\t\t\t<\/div>\n\t\t<div class=\"elementor-element elementor-element-2cad6d4 e-con-full e-flex e-con e-parent\" data-id=\"2cad6d4\" data-element_type=\"container\" data-e-type=\"container\">\n\t\t<div class=\"elementor-element elementor-element-6a17fad2 e-con-full e-flex e-con e-child\" data-id=\"6a17fad2\" data-element_type=\"container\" data-e-type=\"container\" data-settings=\"{&quot;background_background&quot;:&quot;classic&quot;}\">\n\t\t\t\t<div class=\"elementor-element elementor-element-27547c3b elementor-hidden-mobile elementor-widget elementor-widget-heading\" data-id=\"27547c3b\" data-element_type=\"widget\" data-e-type=\"widget\" data-widget_type=\"heading.default\">\n\t\t\t\t<div class=\"elementor-widget-container\">\n\t\t\t\t\t<h2 class=\"elementor-heading-title elementor-size-default\"><a href=\"https:\/\/all-arounder.de\/index.php\/was-ist-square-dance\/\">Square Dance in Hamburg Harburg <\/a><\/h2>\t\t\t\t<\/div>\n\t\t\t\t<\/div>\n\t\t\t\t<div class=\"elementor-element elementor-element-7d09cfce elementor-hidden-mobile elementor-widget elementor-widget-heading\" data-id=\"7d09cfce\" data-element_type=\"widget\" data-e-type=\"widget\" data-widget_type=\"heading.default\">\n\t\t\t\t<div class=\"elementor-widget-container\">\n\t\t\t\t\t<h3 class=\"elementor-heading-title elementor-size-default\"><a href=\"https:\/\/all-arounder.de\/index.php\/was-ist-square-dance\/\">Tanzen lernen mit viel Spa\u00df und <\/br>\nausgezeichneten Callern\/Trainern\n<\/a><\/h3>\t\t\t\t<\/div>\n\t\t\t\t<\/div>\n\t\t\t\t<div class=\"elementor-element elementor-element-533a5603 elementor-hidden-desktop elementor-hidden-tablet elementor-widget elementor-widget-heading\" data-id=\"533a5603\" data-element_type=\"widget\" data-e-type=\"widget\" data-widget_type=\"heading.default\">\n\t\t\t\t<div class=\"elementor-widget-container\">\n\t\t\t\t\t<h2 class=\"elementor-heading-title elementor-size-default\"><a href=\"https:\/\/all-arounder.de\/index.php\/was-ist-square-dance\/\">Square Dance<\/br> in Hamburg Harburg <\/a><\/h2>\t\t\t\t<\/div>\n\t\t\t\t<\/div>\n\t\t\t\t<div class=\"elementor-element elementor-element-324ad714 elementor-hidden-desktop elementor-hidden-tablet elementor-widget elementor-widget-heading\" data-id=\"324ad714\" data-element_type=\"widget\" data-e-type=\"widget\" data-widget_type=\"heading.default\">\n\t\t\t\t<div class=\"elementor-widget-container\">\n\t\t\t\t\t<h3 class=\"elementor-heading-title elementor-size-default\"><a href=\"https:\/\/all-arounder.de\/index.php\/was-ist-square-dance\/\">Tanzen lernen mit viel Spa\u00df und ausgezeichneten Callern\/Trainern<\/a><\/h3>\t\t\t\t<\/div>\n\t\t\t\t<\/div>\n\t\t\t\t<\/div>\n\t\t\t\t<\/div>\n\t\t<div class=\"elementor-element elementor-element-debe793 e-flex e-con-boxed e-con e-parent\" data-id=\"debe793\" data-element_type=\"container\" data-e-type=\"container\">\n\t\t\t\t\t<div class=\"e-con-inner\">\n\t\t<div class=\"elementor-element elementor-element-7e1e1f1 e-con-full e-flex e-con e-child\" data-id=\"7e1e1f1\" data-element_type=\"container\" data-e-type=\"container\">\n\t\t\t\t<div class=\"elementor-element elementor-element-df588aa elementor-hidden-mobile elementor-widget elementor-widget-spacer\" data-id=\"df588aa\" data-element_type=\"widget\" data-e-type=\"widget\" data-widget_type=\"spacer.default\">\n\t\t\t\t<div class=\"elementor-widget-container\">\n\t\t\t\t\t\t\t<div class=\"elementor-spacer\">\n\t\t\t<div class=\"elementor-spacer-inner\"><\/div>\n\t\t<\/div>\n\t\t\t\t\t\t<\/div>\n\t\t\t\t<\/div>\n\t\t\t\t<\/div>\n\t\t<div class=\"elementor-element elementor-element-f49d20a e-con-full e-flex e-con e-child\" data-id=\"f49d20a\" data-element_type=\"container\" data-e-type=\"container\">\n\t\t\t\t<div class=\"elementor-element elementor-element-7fdb655a elementor-widget elementor-widget-image\" data-id=\"7fdb655a\" data-element_type=\"widget\" data-e-type=\"widget\" data-widget_type=\"image.default\">\n\t\t\t\t<div class=\"elementor-widget-container\">\n\t\t\t\t\t\t\t\t\t\t\t\t\t\t\t\t<a href=\"https:\/\/all-arounder.de\/\">\n\t\t\t\t\t\t\t<img fetchpriority=\"high\" decoding=\"async\" width=\"1024\" height=\"452\" src=\"https:\/\/all-arounder.de\/wp-content\/uploads\/2025\/03\/Square-Dance-Hamburg-All-Arounder-Harburg-1024x452.png\" class=\"attachment-large size-large wp-image-158\" alt=\"Logo Square Dance Hamburg All Arounder Harburg\" srcset=\"https:\/\/all-arounder.de\/wp-content\/uploads\/2025\/03\/Square-Dance-Hamburg-All-Arounder-Harburg-1024x452.png 1024w, https:\/\/all-arounder.de\/wp-content\/uploads\/2025\/03\/Square-Dance-Hamburg-All-Arounder-Harburg-300x132.png 300w, https:\/\/all-arounder.de\/wp-content\/uploads\/2025\/03\/Square-Dance-Hamburg-All-Arounder-Harburg-768x339.png 768w, https:\/\/all-arounder.de\/wp-content\/uploads\/2025\/03\/Square-Dance-Hamburg-All-Arounder-Harburg-1536x678.png 1536w, https:\/\/all-arounder.de\/wp-content\/uploads\/2025\/03\/Square-Dance-Hamburg-All-Arounder-Harburg-2048x904.png 2048w\" sizes=\"(max-width: 1024px) 100vw, 1024px\" \/>\t\t\t\t\t\t\t\t<\/a>\n\t\t\t\t\t\t\t\t\t\t\t\t\t\t\t<\/div>\n\t\t\t\t<\/div>\n\t\t\t\t<\/div>\n\t\t\t\t\t<\/div>\n\t\t\t\t<\/div>\n\t\t<div class=\"elementor-element elementor-element-9edac3d e-flex e-con-boxed e-con e-parent\" data-id=\"9edac3d\" data-element_type=\"container\" data-e-type=\"container\">\n\t\t\t\t\t<div class=\"e-con-inner\">\n\t\t<div class=\"elementor-element elementor-element-d60a497 e-con-full e-flex e-con e-child\" data-id=\"d60a497\" data-element_type=\"container\" data-e-type=\"container\">\n\t\t\t\t<div class=\"elementor-element elementor-element-4865af7 elementor-widget elementor-widget-image\" data-id=\"4865af7\" data-element_type=\"widget\" data-e-type=\"widget\" data-widget_type=\"image.default\">\n\t\t\t\t<div class=\"elementor-widget-container\">\n\t\t\t\t\t\t\t\t\t\t\t\t\t\t\t\t<a href=\"https:\/\/all-arounder.de\/index.php\/termine-all-arounder-square-dance\/\">\n\t\t\t\t\t\t\t<img decoding=\"async\" width=\"1024\" height=\"768\" src=\"https:\/\/all-arounder.de\/wp-content\/uploads\/2025\/03\/Class-Anfaenger-All-Arounder-Square-Dance-1024x768.jpg\" class=\"attachment-large size-large wp-image-474\" alt=\"Square Dance lernen bei den All Aroundern\" srcset=\"https:\/\/all-arounder.de\/wp-content\/uploads\/2025\/03\/Class-Anfaenger-All-Arounder-Square-Dance-1024x768.jpg 1024w, https:\/\/all-arounder.de\/wp-content\/uploads\/2025\/03\/Class-Anfaenger-All-Arounder-Square-Dance-300x225.jpg 300w, https:\/\/all-arounder.de\/wp-content\/uploads\/2025\/03\/Class-Anfaenger-All-Arounder-Square-Dance-768x576.jpg 768w, https:\/\/all-arounder.de\/wp-content\/uploads\/2025\/03\/Class-Anfaenger-All-Arounder-Square-Dance-1536x1152.jpg 1536w, https:\/\/all-arounder.de\/wp-content\/uploads\/2025\/03\/Class-Anfaenger-All-Arounder-Square-Dance-2048x1536.jpg 2048w\" sizes=\"(max-width: 1024px) 100vw, 1024px\" \/>\t\t\t\t\t\t\t\t<\/a>\n\t\t\t\t\t\t\t\t\t\t\t\t\t\t\t<\/div>\n\t\t\t\t<\/div>\n\t\t\t\t<\/div>\n\t\t<div class=\"elementor-element elementor-element-0812408 e-con-full e-flex e-con e-child\" data-id=\"0812408\" data-element_type=\"container\" data-e-type=\"container\">\n\t\t\t\t<div class=\"elementor-element elementor-element-c8f82bf elementor-widget elementor-widget-text-editor\" data-id=\"c8f82bf\" data-element_type=\"widget\" data-e-type=\"widget\" data-widget_type=\"text-editor.default\">\n\t\t\t\t<div class=\"elementor-widget-container\">\n\t\t\t\t\t\t\t\t\t<p>Warum Square Dance lernen?<\/p>\t\t\t\t\t\t\t\t<\/div>\n\t\t\t\t<\/div>\n\t\t\t\t<div class=\"elementor-element elementor-element-569cec3b elementor-widget elementor-widget-text-editor\" data-id=\"569cec3b\" data-element_type=\"widget\" data-e-type=\"widget\" data-widget_type=\"text-editor.default\">\n\t\t\t\t<div class=\"elementor-widget-container\">\n\t\t\t\t\t\t\t\t\t<p>Diese Frage haben unsere Anf\u00e4nger schon f\u00fcr sich beantwortet: Es macht einfach viel Spa\u00df! Und in der guten Atmosph\u00e4re und mit unseren ausgezeichneten Callern lernen sich die Figuten schnell und einfach. und eben auch aus jeder Position &#8211; so dass man rundum gut ausgebildet wird.<\/p>\t\t\t\t\t\t\t\t<\/div>\n\t\t\t\t<\/div>\n\t\t\t\t<\/div>\n\t\t<div class=\"elementor-element elementor-element-200e69f e-con-full e-flex e-con e-child\" data-id=\"200e69f\" data-element_type=\"container\" data-e-type=\"container\">\n\t\t\t\t<div class=\"elementor-element elementor-element-dd04328 elementor-widget elementor-widget-text-editor\" data-id=\"dd04328\" data-element_type=\"widget\" data-e-type=\"widget\" data-widget_type=\"text-editor.default\">\n\t\t\t\t<div class=\"elementor-widget-container\">\n\t\t\t\t\t\t\t\t\t<p>Seit dem 14. Juni ist unsere Class vollst\u00e4ndig mit 7 Anf\u00e4ngern.\u00a0<\/p><p>Und es ist ein Genuss zuzusehen, wie schnell alle lernen! So ist bei uns die abschlie\u00dfende Pr\u00fcfung &#8211; die Graduation &#8211; nicht mehr weit.<\/p>\t\t\t\t\t\t\t\t<\/div>\n\t\t\t\t<\/div>\n\t\t\t\t<\/div>\n\t\t\t\t\t<\/div>\n\t\t\t\t<\/div>\n\t\t\t\t<\/div>\n\t\t","protected":false},"excerpt":{"rendered":"<p>Square Dance in Hamburg Harburg Tanzen lernen mit viel Spa\u00df und ausgezeichneten Callern\/Trainern Square Dance in Hamburg Harburg Tanzen lernen mit viel Spa\u00df und ausgezeichneten Callern\/Trainern Warum Square Dance lernen? Diese Frage haben unsere Anf\u00e4nger schon f\u00fcr sich beantwortet: Es macht einfach viel Spa\u00df! Und in der guten Atmosph\u00e4re und mit unseren ausgezeichneten Callern lernen [&hellip;]<\/p>\n","protected":false},"author":3,"featured_media":0,"parent":0,"menu_order":0,"comment_status":"closed","ping_status":"closed","template":"elementor_header_footer","meta":{"footnotes":""},"class_list":["post-52","page","type-page","status-publish","hentry","entry"],"_links":{"self":[{"href":"https:\/\/all-arounder.de\/index.php\/wp-json\/wp\/v2\/pages\/52","targetHints":{"allow":["GET"]}}],"collection":[{"href":"https:\/\/all-arounder.de\/index.php\/wp-json\/wp\/v2\/pages"}],"about":[{"href":"https:\/\/all-arounder.de\/index.php\/wp-json\/wp\/v2\/types\/page"}],"author":[{"embeddable":true,"href":"https:\/\/all-arounder.de\/index.php\/wp-json\/wp\/v2\/users\/3"}],"replies":[{"embeddable":true,"href":"https:\/\/all-arounder.de\/index.php\/wp-json\/wp\/v2\/comments?post=52"}],"version-history":[{"count":61,"href":"https:\/\/all-arounder.de\/index.php\/wp-json\/wp\/v2\/pages\/52\/revisions"}],"predecessor-version":[{"id":656,"href":"https:\/\/all-arounder.de\/index.php\/wp-json\/wp\/v2\/pages\/52\/revisions\/656"}],"wp:attachment":[{"href":"https:\/\/all-arounder.de\/index.php\/wp-json\/wp\/v2\/media?parent=52"}],"curies":[{"name":"wp","href":"https:\/\/api.w.org\/{rel}","templated":true}]}}